{"id":50,"date":"2013-12-10T18:57:23","date_gmt":"2013-12-10T18:57:23","guid":{"rendered":"https:\/\/luarte.net.br\/?page_id=50"},"modified":"2014-01-16T15:15:22","modified_gmt":"2014-01-16T12:15:22","slug":"creditos","status":"publish","type":"page","link":"https:\/\/luarte.net.br\/en\/creditos\/","title":{"rendered":"Credits"},"content":{"rendered":"<p><strong>Pintura:<\/strong> Rebekka Baumann<\/p>\n<p><strong>Identidade:<\/strong>\u00a0Dado Motta e Rebekka Baumann<\/p>\n<p><strong>Site:<\/strong>\u00a0Dado Motta<\/p>\n<p><strong>Tradu\u00e7\u00e3o dos textos:<\/strong> Rebekka Baumann<\/p>\n<p><strong>Revis\u00e3o de textos:<\/strong>\u00a0Lizandra Hachuy<\/p>","protected":false},"excerpt":{"rendered":"<p>Pintura: Rebekka Baumann Identidade:\u00a0Dado Motta e Rebekka Baumann Site:\u00a0Dado Motta Tradu\u00e7\u00e3o dos textos: Rebekka Baumann Revis\u00e3o de textos:\u00a0Lizandra Hachuy<\/p>","protected":false},"author":3,"featured_media":0,"parent":0,"menu_order":0,"comment_status":"closed","ping_status":"open","template":"full-width.php","meta":{"footnotes":""},"class_list":["post-50","page","type-page","status-publish","hentry"],"_links":{"self":[{"href":"https:\/\/luarte.net.br\/en\/wp-json\/wp\/v2\/pages\/50","targetHints":{"allow":["GET"]}}],"collection":[{"href":"https:\/\/luarte.net.br\/en\/wp-json\/wp\/v2\/pages"}],"about":[{"href":"https:\/\/luarte.net.br\/en\/wp-json\/wp\/v2\/types\/page"}],"author":[{"embeddable":true,"href":"https:\/\/luarte.net.br\/en\/wp-json\/wp\/v2\/users\/3"}],"replies":[{"embeddable":true,"href":"https:\/\/luarte.net.br\/en\/wp-json\/wp\/v2\/comments?post=50"}],"version-history":[{"count":4,"href":"https:\/\/luarte.net.br\/en\/wp-json\/wp\/v2\/pages\/50\/revisions"}],"predecessor-version":[{"id":307,"href":"https:\/\/luarte.net.br\/en\/wp-json\/wp\/v2\/pages\/50\/revisions\/307"}],"wp:attachment":[{"href":"https:\/\/luarte.net.br\/en\/wp-json\/wp\/v2\/media?parent=50"}],"curies":[{"name":"wp","href":"https:\/\/api.w.org\/{rel}","templated":true}]}}