{"id":433,"date":"2014-12-16T22:57:35","date_gmt":"2014-12-16T19:57:35","guid":{"rendered":"https:\/\/luarte.net.br\/?page_id=433"},"modified":"2024-08-22T19:27:02","modified_gmt":"2024-08-22T16:27:02","slug":"bio","status":"publish","type":"page","link":"https:\/\/luarte.net.br\/en\/bio\/","title":{"rendered":"BIO"},"content":{"rendered":"<div data-elementor-type=\"wp-page\" data-elementor-id=\"433\" class=\"elementor elementor-433\" data-elementor-post-type=\"page\">\n\t\t\t\t\t\t<section class=\"elementor-section elementor-top-section elementor-element elementor-element-7e4f7ef elementor-section-boxed elementor-section-height-default elementor-section-height-default\" data-id=\"7e4f7ef\" data-element_type=\"section\" data-e-type=\"section\" data-settings=\"{&quot;background_background&quot;:&quot;classic&quot;}\">\n\t\t\t\t\t\t<div class=\"elementor-container elementor-column-gap-default\">\n\t\t\t\t\t<div class=\"elementor-column elementor-col-100 elementor-top-column elementor-element elementor-element-aea23c6\" data-id=\"aea23c6\" data-element_type=\"column\" data-e-type=\"column\">\n\t\t\t<div class=\"elementor-widget-wrap elementor-element-populated\">\n\t\t\t\t\t\t<div class=\"elementor-element elementor-element-4eac1d3 elementor-widget elementor-widget-heading\" data-id=\"4eac1d3\" data-element_type=\"widget\" data-e-type=\"widget\" data-widget_type=\"heading.default\">\n\t\t\t\t<div class=\"elementor-widget-container\">\n\t\t\t\t\t<h2 class=\"elementor-heading-title elementor-size-default\">BIO<\/h2>\t\t\t\t<\/div>\n\t\t\t\t<\/div>\n\t\t\t\t\t<\/div>\n\t\t<\/div>\n\t\t\t\t\t<\/div>\n\t\t<\/section>\n\t\t\t\t<section class=\"elementor-section elementor-top-section elementor-element elementor-element-d40d046 elementor-section-boxed elementor-section-height-default elementor-section-height-default\" data-id=\"d40d046\" data-element_type=\"section\" data-e-type=\"section\">\n\t\t\t\t\t\t<div class=\"elementor-container elementor-column-gap-wider\">\n\t\t\t\t\t<div class=\"elementor-column elementor-col-50 elementor-top-column elementor-element elementor-element-8b771a2\" data-id=\"8b771a2\" data-element_type=\"column\" data-e-type=\"column\">\n\t\t\t<div class=\"elementor-widget-wrap elementor-element-populated\">\n\t\t\t\t\t\t<div class=\"elementor-element elementor-element-b031eaa elementor-widget elementor-widget-image\" data-id=\"b031eaa\" data-element_type=\"widget\" data-e-type=\"widget\" data-widget_type=\"image.default\">\n\t\t\t\t<div class=\"elementor-widget-container\">\n\t\t\t\t\t\t\t\t\t\t\t\t\t\t\t<img fetchpriority=\"high\" decoding=\"async\" width=\"800\" height=\"534\" src=\"https:\/\/luarte.net.br\/wp-content\/uploads\/2020\/03\/DSC_0309.01.BAIXA_-1024x683.jpg\" class=\"attachment-large size-large wp-image-540\" alt=\"\" srcset=\"https:\/\/luarte.net.br\/wp-content\/uploads\/2020\/03\/DSC_0309.01.BAIXA_-1024x683.jpg 1024w, https:\/\/luarte.net.br\/wp-content\/uploads\/2020\/03\/DSC_0309.01.BAIXA_-300x200.jpg 300w, https:\/\/luarte.net.br\/wp-content\/uploads\/2020\/03\/DSC_0309.01.BAIXA_-768x512.jpg 768w, https:\/\/luarte.net.br\/wp-content\/uploads\/2020\/03\/DSC_0309.01.BAIXA_-1536x1024.jpg 1536w, https:\/\/luarte.net.br\/wp-content\/uploads\/2020\/03\/DSC_0309.01.BAIXA_-2048x1365.jpg 2048w\" sizes=\"(max-width: 800px) 100vw, 800px\" \/>\t\t\t\t\t\t\t\t\t\t\t\t\t\t\t<\/div>\n\t\t\t\t<\/div>\n\t\t\t\t\t<\/div>\n\t\t<\/div>\n\t\t\t\t<div class=\"elementor-column elementor-col-50 elementor-top-column elementor-element elementor-element-514407b\" data-id=\"514407b\" data-element_type=\"column\" data-e-type=\"column\">\n\t\t\t<div class=\"elementor-widget-wrap elementor-element-populated\">\n\t\t\t\t\t\t<div class=\"elementor-element elementor-element-f80f819 elementor-widget elementor-widget-heading\" data-id=\"f80f819\" data-element_type=\"widget\" data-e-type=\"widget\" data-widget_type=\"heading.default\">\n\t\t\t\t<div class=\"elementor-widget-container\">\n\t\t\t\t\t<h2 class=\"elementor-heading-title elementor-size-default\">Rebekka Christina Baumann\u200b<\/h2>\t\t\t\t<\/div>\n\t\t\t\t<\/div>\n\t\t\t\t<div class=\"elementor-element elementor-element-5aab837 elementor-widget elementor-widget-text-editor\" data-id=\"5aab837\" data-element_type=\"widget\" data-e-type=\"widget\" data-widget_type=\"text-editor.default\">\n\t\t\t\t<div class=\"elementor-widget-container\">\n\t\t\t\t\t\t\t\t\t<p>Rebekka Christina Baumann was born and lived in S\u00e3o Paulo, Brazil.\nFrom an early age, she had an interest in the emotional realm of\nthe human heart.<\/p><p>She studied 12 years at the Waldorf School, in S\u00e3o Paulo. She\ngraduated in Psychology at OSEC (SP) and in Anthroposophical Art\nTherapy at Centro Paulus, in S\u00e3o Paulo.<\/p><p>She participated in courses in the field of Psychology at the University of Zurich and at the C.G.Jung Institute, where she\nworked in psychiatry for a year and a half as a member of the\nPsychiatric Nursing staff of a private clinic focusing on the\nC.G.Jung approach.<\/p><p>She was associated with a spiritual \/ emotional practice in the\nUSA, where she learned and practiced the teachings that served as\nthe basis of her work. She was in Europe, in 2002, giving\nintroductory seminars on emotional healing and providing\nindividual and group facilitation.<\/p><p>She created her own form of Emotional Art based in part on the\nteachings in the USA and practiced Emotional Coaching in companies\nin Germany, linked to this form of emotional healing. She gave\nintroductory seminars as part of the curriculum at an Institute in\nSwitzerland.<\/p><p>She lived in Frankfurt, where she worked, as an emotional\nFacilitator, until 2008.<\/p><p>After that period she lived in Ashland, OR (USA), until January\n2010, working and giving lectures within a different form of\nenergy body work.<\/p><p>Quando veio visitar o Brasil em Fevereiro de 2010, desenvolveu um trabalho introdut\u00f3rio em S\u00e3o Paulo, despertando grande interesse.<br \/>Mudou-se para Florian\u00f3polis em Outubro de 2010, onde introduziu seu trabalho.<\/p><p>Ministrou cursos em S\u00e3o Paulo e Florian\u00f3polis de cura emocional e realizou atendimentos individuais de trabalho emocional e energ\u00e9tico.<br \/>Atualmente vive em Botucatu, onde realiza cursos e atendimentos individuais e de grupos para aqueles que se interessam pelo seu trabalho emocional.<\/p><h6><strong><span style=\"color: #ba126c;\"><a title=\"Home\" href=\"https:\/\/luarte.net.br\/en\/\"><span style=\"color: #ba126c;\">&lt; home<\/span><\/a><\/span><\/strong><\/h6>\t\t\t\t\t\t\t\t<\/div>\n\t\t\t\t<\/div>\n\t\t\t\t\t<\/div>\n\t\t<\/div>\n\t\t\t\t\t<\/div>\n\t\t<\/section>\n\t\t\t\t<\/div>","protected":false},"excerpt":{"rendered":"<p>BIO Rebekka Christina Baumann\u200b Rebekka Christina Baumann nasceu e viveu em S\u00e3o Paulo, Brasil. Desde muito cedo teve interesse no \u00e2mbito emocional do cora\u00e7\u00e3o do ser humano. Estudou 12 anos na Escola Waldorf, em S\u00e3o Paulo. Formou-se em Psicologia pela OSEC (SP) e em Terapia Art\u00edstica Antropos\u00f3fica pelo Centro Paulus, em S\u00e3o Paulo. Participou de [&hellip;]<\/p>\n","protected":false},"author":2,"featured_media":0,"parent":0,"menu_order":0,"comment_status":"closed","ping_status":"open","template":"","meta":{"footnotes":""},"class_list":["post-433","page","type-page","status-publish","hentry"],"_links":{"self":[{"href":"https:\/\/luarte.net.br\/en\/wp-json\/wp\/v2\/pages\/433","targetHints":{"allow":["GET"]}}],"collection":[{"href":"https:\/\/luarte.net.br\/en\/wp-json\/wp\/v2\/pages"}],"about":[{"href":"https:\/\/luarte.net.br\/en\/wp-json\/wp\/v2\/types\/page"}],"author":[{"embeddable":true,"href":"https:\/\/luarte.net.br\/en\/wp-json\/wp\/v2\/users\/2"}],"replies":[{"embeddable":true,"href":"https:\/\/luarte.net.br\/en\/wp-json\/wp\/v2\/comments?post=433"}],"version-history":[{"count":40,"href":"https:\/\/luarte.net.br\/en\/wp-json\/wp\/v2\/pages\/433\/revisions"}],"predecessor-version":[{"id":743,"href":"https:\/\/luarte.net.br\/en\/wp-json\/wp\/v2\/pages\/433\/revisions\/743"}],"wp:attachment":[{"href":"https:\/\/luarte.net.br\/en\/wp-json\/wp\/v2\/media?parent=433"}],"curies":[{"name":"wp","href":"https:\/\/api.w.org\/{rel}","templated":true}]}}