{"id":421,"date":"2014-10-03T22:48:40","date_gmt":"2014-10-03T19:48:40","guid":{"rendered":"https:\/\/luarte.net.br\/?page_id=421"},"modified":"2024-08-22T19:35:13","modified_gmt":"2024-08-22T16:35:13","slug":"atendimentos-2","status":"publish","type":"page","link":"https:\/\/luarte.net.br\/en\/atendimentos-2\/","title":{"rendered":"CONSULTATIONS"},"content":{"rendered":"<div data-elementor-type=\"wp-page\" data-elementor-id=\"421\" class=\"elementor elementor-421\" data-elementor-post-type=\"page\">\n\t\t\t\t\t\t<section class=\"elementor-section elementor-top-section elementor-element elementor-element-46a5fde elementor-section-boxed elementor-section-height-default elementor-section-height-default\" data-id=\"46a5fde\" data-element_type=\"section\" data-e-type=\"section\" data-settings=\"{&quot;background_background&quot;:&quot;classic&quot;}\">\n\t\t\t\t\t\t<div class=\"elementor-container elementor-column-gap-default\">\n\t\t\t\t\t<div class=\"elementor-column elementor-col-100 elementor-top-column elementor-element elementor-element-91f494d\" data-id=\"91f494d\" data-element_type=\"column\" data-e-type=\"column\">\n\t\t\t<div class=\"elementor-widget-wrap elementor-element-populated\">\n\t\t\t\t\t\t<div class=\"elementor-element elementor-element-64dfd96 elementor-widget elementor-widget-heading\" data-id=\"64dfd96\" data-element_type=\"widget\" data-e-type=\"widget\" data-widget_type=\"heading.default\">\n\t\t\t\t<div class=\"elementor-widget-container\">\n\t\t\t\t\t<h2 class=\"elementor-heading-title elementor-size-default\">CONSULTATIONS<\/h2>\t\t\t\t<\/div>\n\t\t\t\t<\/div>\n\t\t\t\t\t<\/div>\n\t\t<\/div>\n\t\t\t\t\t<\/div>\n\t\t<\/section>\n\t\t\t\t<section class=\"elementor-section elementor-top-section elementor-element elementor-element-4cf15c81 elementor-section-boxed elementor-section-height-default elementor-section-height-default\" data-id=\"4cf15c81\" data-element_type=\"section\" data-e-type=\"section\">\n\t\t\t\t\t\t<div class=\"elementor-container elementor-column-gap-default\">\n\t\t\t\t\t<div class=\"elementor-column elementor-col-100 elementor-top-column elementor-element elementor-element-5def5e6c\" data-id=\"5def5e6c\" data-element_type=\"column\" data-e-type=\"column\">\n\t\t\t<div class=\"elementor-widget-wrap elementor-element-populated\">\n\t\t\t\t\t\t<div class=\"elementor-element elementor-element-34a24af elementor-widget elementor-widget-image\" data-id=\"34a24af\" data-element_type=\"widget\" data-e-type=\"widget\" data-widget_type=\"image.default\">\n\t\t\t\t<div class=\"elementor-widget-container\">\n\t\t\t\t\t\t\t\t\t\t\t\t\t\t\t<img fetchpriority=\"high\" decoding=\"async\" width=\"800\" height=\"391\" src=\"https:\/\/luarte.net.br\/wp-content\/uploads\/2024\/08\/DSC_0502.01.BAIXA_-1024x500-1.webp\" class=\"attachment-large size-large wp-image-693\" alt=\"\" srcset=\"https:\/\/luarte.net.br\/wp-content\/uploads\/2024\/08\/DSC_0502.01.BAIXA_-1024x500-1.webp 1024w, https:\/\/luarte.net.br\/wp-content\/uploads\/2024\/08\/DSC_0502.01.BAIXA_-1024x500-1-300x146.webp 300w, https:\/\/luarte.net.br\/wp-content\/uploads\/2024\/08\/DSC_0502.01.BAIXA_-1024x500-1-768x375.webp 768w, https:\/\/luarte.net.br\/wp-content\/uploads\/2024\/08\/DSC_0502.01.BAIXA_-1024x500-1-18x9.webp 18w\" sizes=\"(max-width: 800px) 100vw, 800px\" \/>\t\t\t\t\t\t\t\t\t\t\t\t\t\t\t<\/div>\n\t\t\t\t<\/div>\n\t\t\t\t<div class=\"elementor-element elementor-element-2a99720 elementor-widget elementor-widget-text-editor\" data-id=\"2a99720\" data-element_type=\"widget\" data-e-type=\"widget\" data-widget_type=\"text-editor.default\">\n\t\t\t\t<div class=\"elementor-widget-container\">\n\t\t\t\t\t\t\t\t\t<p class=\"translation-block\">See below the consultations conducted. For more information please <a href=\"https:\/\/luarte.net.br\/en\/contato-2\/\" target=\"_self\">contact us<\/a>.\nThere is also now the possibility to have sessions online in the following languages:\nPortuguese, English, German, Swiss German.<\/p>\t\t\t\t\t\t\t\t<\/div>\n\t\t\t\t<\/div>\n\t\t\t\t<section class=\"elementor-section elementor-inner-section elementor-element elementor-element-c8f75ef elementor-section-boxed elementor-section-height-default elementor-section-height-default\" data-id=\"c8f75ef\" data-element_type=\"section\" data-e-type=\"section\">\n\t\t\t\t\t\t<div class=\"elementor-container elementor-column-gap-default\">\n\t\t\t\t\t<div class=\"elementor-column elementor-col-50 elementor-inner-column elementor-element elementor-element-e3b6fbb\" data-id=\"e3b6fbb\" data-element_type=\"column\" data-e-type=\"column\">\n\t\t\t<div class=\"elementor-widget-wrap elementor-element-populated\">\n\t\t\t\t\t\t<div class=\"elementor-element elementor-element-44de705 elementor-widget elementor-widget-heading\" data-id=\"44de705\" data-element_type=\"widget\" data-e-type=\"widget\" data-widget_type=\"heading.default\">\n\t\t\t\t<div class=\"elementor-widget-container\">\n\t\t\t\t\t<h2 class=\"elementor-heading-title elementor-size-default\">Individual Session<\/h2>\t\t\t\t<\/div>\n\t\t\t\t<\/div>\n\t\t\t\t<div class=\"elementor-element elementor-element-d073b73 elementor-widget elementor-widget-text-editor\" data-id=\"d073b73\" data-element_type=\"widget\" data-e-type=\"widget\" data-widget_type=\"text-editor.default\">\n\t\t\t\t<div class=\"elementor-widget-container\">\n\t\t\t\t\t\t\t\t\t<p>Access to your strategic emotional conditioning, your gradual deconstruction and access\nto the wound to be felt and healed.<\/p>\t\t\t\t\t\t\t\t<\/div>\n\t\t\t\t<\/div>\n\t\t\t\t\t<\/div>\n\t\t<\/div>\n\t\t\t\t<div class=\"elementor-column elementor-col-50 elementor-inner-column elementor-element elementor-element-bbb6f73\" data-id=\"bbb6f73\" data-element_type=\"column\" data-e-type=\"column\">\n\t\t\t<div class=\"elementor-widget-wrap elementor-element-populated\">\n\t\t\t\t\t\t<div class=\"elementor-element elementor-element-da4e72a elementor-widget elementor-widget-heading\" data-id=\"da4e72a\" data-element_type=\"widget\" data-e-type=\"widget\" data-widget_type=\"heading.default\">\n\t\t\t\t<div class=\"elementor-widget-container\">\n\t\t\t\t\t<h2 class=\"elementor-heading-title elementor-size-default\">Group Session<\/h2>\t\t\t\t<\/div>\n\t\t\t\t<\/div>\n\t\t\t\t<div class=\"elementor-element elementor-element-48d85a5 elementor-widget elementor-widget-text-editor\" data-id=\"48d85a5\" data-element_type=\"widget\" data-e-type=\"widget\" data-widget_type=\"text-editor.default\">\n\t\t\t\t<div class=\"elementor-widget-container\">\n\t\t\t\t\t\t\t\t\t<p>Access to the emotional content of both the wound and strategies, within a group context, with\nthe presence of other people, bringing their truths to the surface, in a vulnerable way for\nothers with the support of emotional facilitation.<\/p>\t\t\t\t\t\t\t\t<\/div>\n\t\t\t\t<\/div>\n\t\t\t\t\t<\/div>\n\t\t<\/div>\n\t\t\t\t\t<\/div>\n\t\t<\/section>\n\t\t\t\t<section class=\"elementor-section elementor-inner-section elementor-element elementor-element-5141310 elementor-section-boxed elementor-section-height-default elementor-section-height-default\" data-id=\"5141310\" data-element_type=\"section\" data-e-type=\"section\">\n\t\t\t\t\t\t<div class=\"elementor-container elementor-column-gap-default\">\n\t\t\t\t\t<div class=\"elementor-column elementor-col-50 elementor-inner-column elementor-element elementor-element-25b15a6\" data-id=\"25b15a6\" data-element_type=\"column\" data-e-type=\"column\">\n\t\t\t<div class=\"elementor-widget-wrap elementor-element-populated\">\n\t\t\t\t\t\t<div class=\"elementor-element elementor-element-6f874c3 elementor-widget elementor-widget-heading\" data-id=\"6f874c3\" data-element_type=\"widget\" data-e-type=\"widget\" data-widget_type=\"heading.default\">\n\t\t\t\t<div class=\"elementor-widget-container\">\n\t\t\t\t\t<h2 class=\"elementor-heading-title elementor-size-default\">Energetic body work session<\/h2>\t\t\t\t<\/div>\n\t\t\t\t<\/div>\n\t\t\t\t<div class=\"elementor-element elementor-element-f6f2817 elementor-widget elementor-widget-text-editor\" data-id=\"f6f2817\" data-element_type=\"widget\" data-e-type=\"widget\" data-widget_type=\"text-editor.default\">\n\t\t\t\t<div class=\"elementor-widget-container\">\n\t\t\t\t\t\t\t\t\t<p>Adjusting and balancing energy with its interconnections with the emotional body, helping\nthe flow of Chi and Chakras, after or during emotional work and also sometimes for\naccess to more emotional content from this and other lives to be integrated, digested and\nhealed.<\/p>\t\t\t\t\t\t\t\t<\/div>\n\t\t\t\t<\/div>\n\t\t\t\t\t<\/div>\n\t\t<\/div>\n\t\t\t\t<div class=\"elementor-column elementor-col-50 elementor-inner-column elementor-element elementor-element-ec8f8ce\" data-id=\"ec8f8ce\" data-element_type=\"column\" data-e-type=\"column\">\n\t\t\t<div class=\"elementor-widget-wrap elementor-element-populated\">\n\t\t\t\t\t\t<div class=\"elementor-element elementor-element-e3bbabf elementor-widget elementor-widget-heading\" data-id=\"e3bbabf\" data-element_type=\"widget\" data-e-type=\"widget\" data-widget_type=\"heading.default\">\n\t\t\t\t<div class=\"elementor-widget-container\">\n\t\t\t\t\t<h2 class=\"elementor-heading-title elementor-size-default\">Tao-Horoscope Yin \/ Yang<\/h2>\t\t\t\t<\/div>\n\t\t\t\t<\/div>\n\t\t\t\t<div class=\"elementor-element elementor-element-9e6e1d2 elementor-widget elementor-widget-text-editor\" data-id=\"9e6e1d2\" data-element_type=\"widget\" data-e-type=\"widget\" data-widget_type=\"text-editor.default\">\n\t\t\t\t<div class=\"elementor-widget-container\">\n\t\t\t\t\t\t\t\t\t<p>A more comprehensive contextual interpretation of your natal chart (Yang) and possible\naspects of a projection of the conception chart (Yin), with your emotional tendencies.<\/p>\t\t\t\t\t\t\t\t<\/div>\n\t\t\t\t<\/div>\n\t\t\t\t\t<\/div>\n\t\t<\/div>\n\t\t\t\t\t<\/div>\n\t\t<\/section>\n\t\t\t\t<section class=\"elementor-section elementor-inner-section elementor-element elementor-element-66aa9f5 elementor-section-boxed elementor-section-height-default elementor-section-height-default\" data-id=\"66aa9f5\" data-element_type=\"section\" data-e-type=\"section\">\n\t\t\t\t\t\t<div class=\"elementor-container elementor-column-gap-default\">\n\t\t\t\t\t<div class=\"elementor-column elementor-col-50 elementor-inner-column elementor-element elementor-element-0e16d47\" data-id=\"0e16d47\" data-element_type=\"column\" data-e-type=\"column\">\n\t\t\t<div class=\"elementor-widget-wrap elementor-element-populated\">\n\t\t\t\t\t\t<div class=\"elementor-element elementor-element-a547cf9 elementor-widget elementor-widget-heading\" data-id=\"a547cf9\" data-element_type=\"widget\" data-e-type=\"widget\" data-widget_type=\"heading.default\">\n\t\t\t\t<div class=\"elementor-widget-container\">\n\t\t\t\t\t<h2 class=\"elementor-heading-title elementor-size-default\">Numerology<\/h2>\t\t\t\t<\/div>\n\t\t\t\t<\/div>\n\t\t\t\t<div class=\"elementor-element elementor-element-60f5579 elementor-widget elementor-widget-text-editor\" data-id=\"60f5579\" data-element_type=\"widget\" data-e-type=\"widget\" data-widget_type=\"text-editor.default\">\n\t\t\t\t<div class=\"elementor-widget-container\">\n\t\t\t\t\t\t\t\t\t<p>Identify the emotional conditioning trend, through the family name and your own life cycle\nnumber by date of birth.<\/p>\t\t\t\t\t\t\t\t<\/div>\n\t\t\t\t<\/div>\n\t\t\t\t\t<\/div>\n\t\t<\/div>\n\t\t\t\t<div class=\"elementor-column elementor-col-50 elementor-inner-column elementor-element elementor-element-99f8d0f\" data-id=\"99f8d0f\" data-element_type=\"column\" data-e-type=\"column\">\n\t\t\t<div class=\"elementor-widget-wrap\">\n\t\t\t\t\t\t\t<\/div>\n\t\t<\/div>\n\t\t\t\t\t<\/div>\n\t\t<\/section>\n\t\t\t\t<div class=\"elementor-element elementor-element-28a6a0d elementor-widget elementor-widget-spacer\" data-id=\"28a6a0d\" data-element_type=\"widget\" data-e-type=\"widget\" data-widget_type=\"spacer.default\">\n\t\t\t\t<div class=\"elementor-widget-container\">\n\t\t\t\t\t\t\t<div class=\"elementor-spacer\">\n\t\t\t<div class=\"elementor-spacer-inner\"><\/div>\n\t\t<\/div>\n\t\t\t\t\t\t<\/div>\n\t\t\t\t<\/div>\n\t\t\t\t<div class=\"elementor-element elementor-element-f4db175 elementor-widget elementor-widget-image\" data-id=\"f4db175\" data-element_type=\"widget\" data-e-type=\"widget\" data-widget_type=\"image.default\">\n\t\t\t\t<div class=\"elementor-widget-container\">\n\t\t\t\t\t\t\t\t\t\t\t\t\t\t\t<img decoding=\"async\" width=\"800\" height=\"863\" src=\"https:\/\/luarte.net.br\/wp-content\/uploads\/2021\/01\/DSC_0398.jpg\" class=\"attachment-large size-large wp-image-602\" alt=\"\" srcset=\"https:\/\/luarte.net.br\/wp-content\/uploads\/2021\/01\/DSC_0398.jpg 940w, https:\/\/luarte.net.br\/wp-content\/uploads\/2021\/01\/DSC_0398-278x300.jpg 278w, https:\/\/luarte.net.br\/wp-content\/uploads\/2021\/01\/DSC_0398-768x828.jpg 768w\" sizes=\"(max-width: 800px) 100vw, 800px\" \/>\t\t\t\t\t\t\t\t\t\t\t\t\t\t\t<\/div>\n\t\t\t\t<\/div>\n\t\t\t\t\t<\/div>\n\t\t<\/div>\n\t\t\t\t\t<\/div>\n\t\t<\/section>\n\t\t\t\t<\/div>","protected":false},"excerpt":{"rendered":"<p>ATENDIMENTOS Veja abaixo os atendimentos conduzidos. Para mais informa\u00e7\u00f5es entre em contato. Sess\u00e3o Individual Acesso aos seus condicionamentos estrat\u00e9gicos emocionais, sua desconstru\u00e7\u00e3o gradativa e acesso a ferida a ser sentida e curada. Sess\u00e3o de Grupo Acesso a conte\u00fados emocionais tanto da ferida, quanto de estrat\u00e9gias, dentro de um contexto de grupo, com a presen\u00e7a de [&hellip;]<\/p>\n","protected":false},"author":2,"featured_media":0,"parent":0,"menu_order":0,"comment_status":"closed","ping_status":"closed","template":"","meta":{"footnotes":""},"class_list":["post-421","page","type-page","status-publish","hentry"],"_links":{"self":[{"href":"https:\/\/luarte.net.br\/en\/wp-json\/wp\/v2\/pages\/421","targetHints":{"allow":["GET"]}}],"collection":[{"href":"https:\/\/luarte.net.br\/en\/wp-json\/wp\/v2\/pages"}],"about":[{"href":"https:\/\/luarte.net.br\/en\/wp-json\/wp\/v2\/types\/page"}],"author":[{"embeddable":true,"href":"https:\/\/luarte.net.br\/en\/wp-json\/wp\/v2\/users\/2"}],"replies":[{"embeddable":true,"href":"https:\/\/luarte.net.br\/en\/wp-json\/wp\/v2\/comments?post=421"}],"version-history":[{"count":69,"href":"https:\/\/luarte.net.br\/en\/wp-json\/wp\/v2\/pages\/421\/revisions"}],"predecessor-version":[{"id":751,"href":"https:\/\/luarte.net.br\/en\/wp-json\/wp\/v2\/pages\/421\/revisions\/751"}],"wp:attachment":[{"href":"https:\/\/luarte.net.br\/en\/wp-json\/wp\/v2\/media?parent=421"}],"curies":[{"name":"wp","href":"https:\/\/api.w.org\/{rel}","templated":true}]}}