{"id":33,"date":"2013-12-10T16:42:30","date_gmt":"2013-12-10T13:42:30","guid":{"rendered":"https:\/\/luarte.net.br\/?page_id=33"},"modified":"2024-08-22T19:22:45","modified_gmt":"2024-08-22T16:22:45","slug":"home","status":"publish","type":"page","link":"https:\/\/luarte.net.br\/en\/","title":{"rendered":"Home"},"content":{"rendered":"<div data-elementor-type=\"wp-page\" data-elementor-id=\"33\" class=\"elementor elementor-33\" data-elementor-post-type=\"page\">\n\t\t\t\t\t\t<section class=\"elementor-section elementor-top-section elementor-element elementor-element-574490f elementor-section-full_width elementor-section-height-default elementor-section-height-default\" data-id=\"574490f\" data-element_type=\"section\" data-e-type=\"section\">\n\t\t\t\t\t\t<div class=\"elementor-container elementor-column-gap-default\">\n\t\t\t\t\t<div class=\"elementor-column elementor-col-100 elementor-top-column elementor-element elementor-element-5e81140\" data-id=\"5e81140\" data-element_type=\"column\" data-e-type=\"column\" data-settings=\"{&quot;background_background&quot;:&quot;classic&quot;}\">\n\t\t\t<div class=\"elementor-widget-wrap elementor-element-populated\">\n\t\t\t\t\t\t<div class=\"elementor-element elementor-element-ab0b454 elementor-widget elementor-widget-spacer\" data-id=\"ab0b454\" data-element_type=\"widget\" data-e-type=\"widget\" data-widget_type=\"spacer.default\">\n\t\t\t\t<div class=\"elementor-widget-container\">\n\t\t\t\t\t\t\t<div class=\"elementor-spacer\">\n\t\t\t<div class=\"elementor-spacer-inner\"><\/div>\n\t\t<\/div>\n\t\t\t\t\t\t<\/div>\n\t\t\t\t<\/div>\n\t\t\t\t\t<\/div>\n\t\t<\/div>\n\t\t\t\t\t<\/div>\n\t\t<\/section>\n\t\t\t\t<section class=\"elementor-section elementor-top-section elementor-element elementor-element-60ff2b89 elementor-section-boxed elementor-section-height-default elementor-section-height-default\" data-id=\"60ff2b89\" data-element_type=\"section\" data-e-type=\"section\">\n\t\t\t\t\t\t<div class=\"elementor-container elementor-column-gap-default\">\n\t\t\t\t\t<div class=\"elementor-column elementor-col-100 elementor-top-column elementor-element elementor-element-50b68f3f\" data-id=\"50b68f3f\" data-element_type=\"column\" data-e-type=\"column\">\n\t\t\t<div class=\"elementor-widget-wrap elementor-element-populated\">\n\t\t\t\t\t\t<div class=\"elementor-element elementor-element-c093656 elementor-widget elementor-widget-spacer\" data-id=\"c093656\" data-element_type=\"widget\" data-e-type=\"widget\" data-widget_type=\"spacer.default\">\n\t\t\t\t<div class=\"elementor-widget-container\">\n\t\t\t\t\t\t\t<div class=\"elementor-spacer\">\n\t\t\t<div class=\"elementor-spacer-inner\"><\/div>\n\t\t<\/div>\n\t\t\t\t\t\t<\/div>\n\t\t\t\t<\/div>\n\t\t\t\t<div class=\"elementor-element elementor-element-3d8a87d0 elementor-widget elementor-widget-text-editor\" data-id=\"3d8a87d0\" data-element_type=\"widget\" data-e-type=\"widget\" data-widget_type=\"text-editor.default\">\n\t\t\t\t<div class=\"elementor-widget-container\">\n\t\t\t\t\t\t\t\t\t<p style=\"text-align: left;\" class=\"translation-block\">The <strong>emotional humanized healing<\/strong> work takes place to the extent that the gradual\ndeconstruction of strategies occurs, even strategies considered socially acceptable or\neven healthy; so that we can access naked and raw emotions that are hidden under these\nstrategies in our unconscious.<\/p><p style=\"text-align: left;\">The attachment to situations, people, jobs, or anything, does not make us feel what is\nbehind this attachment, making us dependent.<\/p><p style=\"text-align: left;\">When we are willing not to attach, cling, we make room to feel what is behind the\nattachment because the problem is not in what we cling to, but in why we cling and what\nemotional need we want to supply with these clinging.<\/p><p style=\"text-align: left;\">Through emotional humanized healing it will be possible to have experiences of how\nattachment is not the problem but it is only the means by which we try to resolve an\nemotional issue much deeper within our unconscious, our nonverbal emotional body.<\/p><p style=\"text-align: left;\">A voice, a non-verbal emotion, that screams to be felt, nurtured, and healed at the hidden\nbase underneath of our strategies and consequently attachments. This voice, a deep not\nfelt emotion, needs, and can now be accessed and nurtured emotionally.<\/p><p style=\"text-align: left;\">Emotional humanized healing is a profound transformation, simultaneously spiritual,\nenergetic, physical, and especially emotional, which takes place through a gradual,\nhomeopathic, dosed process, using the emotion itself to heal the not felt emotion.<\/p><p style=\"text-align: left;\">Our emotional body is the most human and spiritual, it is the body that most permeates all\nother bodies.<\/p><p class=\"translation-block\">When <strong><em>we are felt,<\/em><\/strong> in such a way that <strong><em>we feel felt<\/em><\/strong> also in the contents of our childhood, we\ncan begin to rescue our childhood.<\/p><p>And it is this transformation that will determine our adult life by deeply supporting our\nmaturity and emotional health.<\/p><p style=\"text-align: left;\">Who we think we are is just a very strategic version of ourselves, which will never satisfy\nthe realization of our true dreams in an authentic and real way. Through this distorted view, we will also have false versions of what we believe to be our dreams, which are only\npartially realized.<\/p><p style=\"text-align: left;\">As we recover our childhood, a profound transformation and healing can take place,\nmaking us land in this world in an increasingly human, authentic, alive, incarnated, real,\nand a mature way.<\/p><p>So a person is not what he has already done or has acquired, not even for his good\nintentions and behaviors. It is much more what feels authentic truthfully, and from that to\nitself, experiencing itself with itself and, consequently, with others secondarily.<\/p><p style=\"text-align: left;\" class=\"translation-block\">What we are, revealed authentically in this transformation, <strong><em>being deeply felt,<\/em><\/strong> it\u00b4s what we will\nbe, it\u00b4s what we will have as a living experience of ourselves, as experiencing our own life,\nbeating through our hearts truly in real love.<\/p><p style=\"text-align: left;\"><strong><em>Rebekka Christina Baumann<\/em><\/strong><\/p>\t\t\t\t\t\t\t\t<\/div>\n\t\t\t\t<\/div>\n\t\t\t\t<div class=\"elementor-element elementor-element-635bddc elementor-widget elementor-widget-spacer\" data-id=\"635bddc\" data-element_type=\"widget\" data-e-type=\"widget\" data-widget_type=\"spacer.default\">\n\t\t\t\t<div class=\"elementor-widget-container\">\n\t\t\t\t\t\t\t<div class=\"elementor-spacer\">\n\t\t\t<div class=\"elementor-spacer-inner\"><\/div>\n\t\t<\/div>\n\t\t\t\t\t\t<\/div>\n\t\t\t\t<\/div>\n\t\t\t\t\t<\/div>\n\t\t<\/div>\n\t\t\t\t\t<\/div>\n\t\t<\/section>\n\t\t\t\t<\/div>","protected":false},"excerpt":{"rendered":"<p>O trabalho de cura emocional humanizada se d\u00e1 na medida em que ocorre \u00e0 desconstru\u00e7\u00e3o gradativa das estrat\u00e9gias, mesmo estrat\u00e9gias consideradas socialmente aceit\u00e1veis ou at\u00e9 saud\u00e1veis; para assim acessarmos emo\u00e7\u00f5es nuas e cruas que est\u00e3o escondidas debaixo destas estrat\u00e9gias em nosso inconsciente. O apego \u00e0s situa\u00e7\u00f5es, pessoas, trabalhos ou qualquer coisa, n\u00e3o nos leva a [&hellip;]<\/p>\n","protected":false},"author":3,"featured_media":0,"parent":0,"menu_order":0,"comment_status":"closed","ping_status":"closed","template":"elementor_header_footer","meta":{"footnotes":""},"class_list":["post-33","page","type-page","status-publish","hentry"],"_links":{"self":[{"href":"https:\/\/luarte.net.br\/en\/wp-json\/wp\/v2\/pages\/33","targetHints":{"allow":["GET"]}}],"collection":[{"href":"https:\/\/luarte.net.br\/en\/wp-json\/wp\/v2\/pages"}],"about":[{"href":"https:\/\/luarte.net.br\/en\/wp-json\/wp\/v2\/types\/page"}],"author":[{"embeddable":true,"href":"https:\/\/luarte.net.br\/en\/wp-json\/wp\/v2\/users\/3"}],"replies":[{"embeddable":true,"href":"https:\/\/luarte.net.br\/en\/wp-json\/wp\/v2\/comments?post=33"}],"version-history":[{"count":54,"href":"https:\/\/luarte.net.br\/en\/wp-json\/wp\/v2\/pages\/33\/revisions"}],"predecessor-version":[{"id":739,"href":"https:\/\/luarte.net.br\/en\/wp-json\/wp\/v2\/pages\/33\/revisions\/739"}],"wp:attachment":[{"href":"https:\/\/luarte.net.br\/en\/wp-json\/wp\/v2\/media?parent=33"}],"curies":[{"name":"wp","href":"https:\/\/api.w.org\/{rel}","templated":true}]}}